{"id":3630,"date":"2025-09-16T19:20:30","date_gmt":"2025-09-16T17:20:30","guid":{"rendered":"https:\/\/www.architectedeparcours.com\/?page_id=3630"},"modified":"2026-04-15T16:11:10","modified_gmt":"2026-04-15T14:11:10","slug":"dream-machine","status":"publish","type":"page","link":"https:\/\/www.architectedeparcours.com\/index.php\/dream-machine\/","title":{"rendered":"Dream Machine"},"content":{"rendered":"\t\t<div data-elementor-type=\"wp-page\" data-elementor-id=\"3630\" class=\"elementor elementor-3630\" data-elementor-post-type=\"page\">\n\t\t\t\t\t\t<section class=\"elementor-section elementor-top-section elementor-element elementor-element-a001998 elementor-section-boxed elementor-section-height-default elementor-section-height-default\" data-id=\"a001998\" data-element_type=\"section\" data-e-type=\"section\">\n\t\t\t\t\t\t<div class=\"elementor-container elementor-column-gap-default\">\n\t\t\t\t\t<div class=\"elementor-column elementor-col-100 elementor-top-column elementor-element elementor-element-661d78c\" data-id=\"661d78c\" data-element_type=\"column\" data-e-type=\"column\">\n\t\t\t<div class=\"elementor-widget-wrap elementor-element-populated\">\n\t\t\t\t\t\t<div class=\"elementor-element elementor-element-7dcc797 elementor-widget elementor-widget-heading\" data-id=\"7dcc797\" data-element_type=\"widget\" data-e-type=\"widget\" data-widget_type=\"heading.default\">\n\t\t\t\t<div class=\"elementor-widget-container\">\n\t\t\t\t\t<h2 class=\"elementor-heading-title elementor-size-default\">Dream Machine<\/h2>\t\t\t\t<\/div>\n\t\t\t\t<\/div>\n\t\t\t\t\t<\/div>\n\t\t<\/div>\n\t\t\t\t\t<\/div>\n\t\t<\/section>\n\t\t\t\t<section class=\"elementor-section elementor-top-section elementor-element elementor-element-9e30600 elementor-section-stretched elementor-section-boxed elementor-section-height-default elementor-section-height-default\" data-id=\"9e30600\" data-element_type=\"section\" data-e-type=\"section\" data-settings=\"{&quot;background_background&quot;:&quot;classic&quot;,&quot;stretch_section&quot;:&quot;section-stretched&quot;}\">\n\t\t\t\t\t\t\t<div class=\"elementor-background-overlay\"><\/div>\n\t\t\t\t\t\t\t<div class=\"elementor-container elementor-column-gap-default\">\n\t\t\t\t\t<div class=\"elementor-column elementor-col-100 elementor-top-column elementor-element elementor-element-096906d\" data-id=\"096906d\" data-element_type=\"column\" data-e-type=\"column\">\n\t\t\t<div class=\"elementor-widget-wrap elementor-element-populated\">\n\t\t\t\t\t\t<div class=\"elementor-element elementor-element-1a8ff98 elementor-widget elementor-widget-heading\" data-id=\"1a8ff98\" data-element_type=\"widget\" data-e-type=\"widget\" data-widget_type=\"heading.default\">\n\t\t\t\t<div class=\"elementor-widget-container\">\n\t\t\t\t\t<h1 class=\"elementor-heading-title elementor-size-default\">\u00c9teindre le bruit, se rel\u00e2cher : Voyagez avec la Dream Machine<\/h1>\t\t\t\t<\/div>\n\t\t\t\t<\/div>\n\t\t\t\t<div class=\"elementor-element elementor-element-840185c elementor-widget elementor-widget-text-editor\" data-id=\"840185c\" data-element_type=\"widget\" data-e-type=\"widget\" data-widget_type=\"text-editor.default\">\n\t\t\t\t<div class=\"elementor-widget-container\">\n\t\t\t\t\t\t\t\t\t<p><strong><i>Les s\u00e9ances n\u2019ont pas vocation \u00e0 \u00e9tablir un diagnostic ni \u00e0 remplacer un suivi m\u00e9dical.<\/i><\/strong><br \/><strong><i>Elles visent \u00e0 soutenir l\u2019\u00e9quilibre, la d\u00e9tente et la vitalit\u00e9, en compl\u00e9ment d\u2019une d\u00e9marche de sant\u00e9 encadr\u00e9e par des professionnels.<\/i><\/strong><\/p>\t\t\t\t\t\t\t\t<\/div>\n\t\t\t\t<\/div>\n\t\t\t\t\t<\/div>\n\t\t<\/div>\n\t\t\t\t\t<\/div>\n\t\t<\/section>\n\t\t\t\t<section class=\"elementor-section elementor-top-section elementor-element elementor-element-631e1fb elementor-section-stretched elementor-section-boxed elementor-section-height-default elementor-section-height-default\" data-id=\"631e1fb\" data-element_type=\"section\" data-e-type=\"section\" data-settings=\"{&quot;background_background&quot;:&quot;classic&quot;,&quot;stretch_section&quot;:&quot;section-stretched&quot;}\">\n\t\t\t\t\t\t<div class=\"elementor-container elementor-column-gap-default\">\n\t\t\t\t\t<div class=\"elementor-column elementor-col-100 elementor-top-column elementor-element elementor-element-8e25fce\" data-id=\"8e25fce\" data-element_type=\"column\" data-e-type=\"column\">\n\t\t\t<div class=\"elementor-widget-wrap elementor-element-populated\">\n\t\t\t\t\t\t<div class=\"elementor-element elementor-element-2a40df8 elementor-widget elementor-widget-menu-anchor\" data-id=\"2a40df8\" data-element_type=\"widget\" data-e-type=\"widget\" data-widget_type=\"menu-anchor.default\">\n\t\t\t\t<div class=\"elementor-widget-container\">\n\t\t\t\t\t\t\t<div class=\"elementor-menu-anchor\" id=\"transformation\"><\/div>\n\t\t\t\t\t\t<\/div>\n\t\t\t\t<\/div>\n\t\t\t\t<div class=\"elementor-element elementor-element-ed83029 elementor-widget elementor-widget-heading\" data-id=\"ed83029\" data-element_type=\"widget\" data-e-type=\"widget\" data-widget_type=\"heading.default\">\n\t\t\t\t<div class=\"elementor-widget-container\">\n\t\t\t\t\t<div class=\"elementor-heading-title elementor-size-default\">01<\/div>\t\t\t\t<\/div>\n\t\t\t\t<\/div>\n\t\t\t\t<section class=\"elementor-section elementor-inner-section elementor-element elementor-element-a85c16d elementor-section-boxed elementor-section-height-default elementor-section-height-default\" data-id=\"a85c16d\" data-element_type=\"section\" data-e-type=\"section\">\n\t\t\t\t\t\t<div class=\"elementor-container elementor-column-gap-default\">\n\t\t\t\t\t<div class=\"elementor-column elementor-col-50 elementor-inner-column elementor-element elementor-element-a97a8dd\" data-id=\"a97a8dd\" data-element_type=\"column\" data-e-type=\"column\">\n\t\t\t<div class=\"elementor-widget-wrap elementor-element-populated\">\n\t\t\t\t\t\t<div class=\"elementor-element elementor-element-4badf69 elementor-widget elementor-widget-text-editor\" data-id=\"4badf69\" data-element_type=\"widget\" data-e-type=\"widget\" data-widget_type=\"text-editor.default\">\n\t\t\t\t<div class=\"elementor-widget-container\">\n\t\t\t\t\t\t\t\t\t<p>Nos vies sont souvent faites de bruits, de listes de choses \u00e0 faire et d&rsquo;un esprit qui ne s&rsquo;arr\u00eate jamais. Chez Architecte de Parcours, nous croyons qu&rsquo;il est essentiel de se donner les moyens de calmer le mental. C&rsquo;est pourquoi nous vous invitons \u00e0 d\u00e9couvrir notre <b>Dream Machine<\/b>, un v\u00e9ritable architecte de vos \u00e9tats de conscience.<\/p><p>Plongez-vous dans une exp\u00e9rience sensorielle unique, o\u00f9 un casque de lumi\u00e8re et de sons vous guide. Pas de magie, mais de la science.<\/p><p>La Dream Machine utilise une technologie fascinante : en projetant des <b>lumi\u00e8res et des sons puls\u00e9s<\/b>, elle synchronise l&rsquo;activit\u00e9 de votre cerveau avec une fr\u00e9quence pr\u00e9cise. C&rsquo;est un peu comme accorder un instrument de musique pour qu&rsquo;il produise une m\u00e9lodie harmonieuse. Votre esprit est ainsi amen\u00e9 naturellement vers des \u00e9tats de relaxation profonde, de cr\u00e9ativit\u00e9 ou de concentration intense.<\/p>\t\t\t\t\t\t\t\t<\/div>\n\t\t\t\t<\/div>\n\t\t\t\t\t<\/div>\n\t\t<\/div>\n\t\t\t\t<div class=\"elementor-column elementor-col-50 elementor-inner-column elementor-element elementor-element-0a446fd\" data-id=\"0a446fd\" data-element_type=\"column\" data-e-type=\"column\">\n\t\t\t<div class=\"elementor-widget-wrap elementor-element-populated\">\n\t\t\t\t\t\t<div class=\"elementor-element elementor-element-4d4d101 elementor-widget elementor-widget-text-editor\" data-id=\"4d4d101\" data-element_type=\"widget\" data-e-type=\"widget\" data-widget_type=\"text-editor.default\">\n\t\t\t\t<div class=\"elementor-widget-container\">\n\t\t\t\t\t\t\t\t\t<p><strong>L&rsquo;histoire<br \/><\/strong>La Dream Machine trouve ses racines dans les travaux de l&rsquo;artiste <b>Brion Gysin<\/b> et de l&rsquo;ing\u00e9nieur <b>Ian Sommerville<\/b> dans les ann\u00e9es 1960. Inspir\u00e9s par les th\u00e9ories sur la stimulation c\u00e9r\u00e9brale, ils ont cr\u00e9\u00e9 un cylindre rotatif ajour\u00e9, mont\u00e9 sur un plateau tournant au-dessus d&rsquo;une ampoule. En pla\u00e7ant le visage devant l&rsquo;appareil, les utilisateurs exp\u00e9rimentaient un ph\u00e9nom\u00e8ne appel\u00e9 l&rsquo;<b>effet de scintillement<\/b>, produisant des motifs g\u00e9om\u00e9triques et des couleurs vives dans leur esprit, souvent per\u00e7us comme des hallucinations. Bien que la version originale ait \u00e9t\u00e9 pens\u00e9e comme une \u0153uvre d&rsquo;art cin\u00e9tique, son principe a inspir\u00e9 la <b>technologie moderne de stimulation audiovisuelle<\/b>. Les appareils actuels, miniaturis\u00e9s et sophistiqu\u00e9s, utilisent des lumi\u00e8res LED puls\u00e9es synchronis\u00e9es avec des sons pour guider les ondes c\u00e9r\u00e9brales vers des \u00e9tats sp\u00e9cifiques (relaxation, m\u00e9ditation, cr\u00e9ativit\u00e9), perp\u00e9tuant l&rsquo;h\u00e9ritage de ses cr\u00e9ateurs dans une approche th\u00e9rapeutique et de bien-\u00eatre.<\/p>\t\t\t\t\t\t\t\t<\/div>\n\t\t\t\t<\/div>\n\t\t\t\t\t<\/div>\n\t\t<\/div>\n\t\t\t\t\t<\/div>\n\t\t<\/section>\n\t\t\t\t\t<\/div>\n\t\t<\/div>\n\t\t\t\t\t<\/div>\n\t\t<\/section>\n\t\t\t\t<section class=\"elementor-section elementor-top-section elementor-element elementor-element-9df4664 elementor-section-stretched elementor-section-boxed elementor-section-height-default elementor-section-height-default\" data-id=\"9df4664\" data-element_type=\"section\" data-e-type=\"section\" data-settings=\"{&quot;background_background&quot;:&quot;classic&quot;,&quot;stretch_section&quot;:&quot;section-stretched&quot;}\">\n\t\t\t\t\t\t\t<div class=\"elementor-background-overlay\"><\/div>\n\t\t\t\t\t\t\t<div class=\"elementor-container elementor-column-gap-default\">\n\t\t\t\t\t<div class=\"elementor-column elementor-col-100 elementor-top-column elementor-element elementor-element-35679f1\" data-id=\"35679f1\" data-element_type=\"column\" data-e-type=\"column\">\n\t\t\t<div class=\"elementor-widget-wrap elementor-element-populated\">\n\t\t\t\t\t\t<div class=\"elementor-element elementor-element-22428ad elementor-widget elementor-widget-heading\" data-id=\"22428ad\" data-element_type=\"widget\" data-e-type=\"widget\" data-widget_type=\"heading.default\">\n\t\t\t\t<div class=\"elementor-widget-container\">\n\t\t\t\t\t<h1 class=\"elementor-heading-title elementor-size-default\">Qui peut en b\u00e9n\u00e9ficier ? Vous, tout simplement.<\/h1>\t\t\t\t<\/div>\n\t\t\t\t<\/div>\n\t\t\t\t<section class=\"elementor-section elementor-inner-section elementor-element elementor-element-0821d44 elementor-section-boxed elementor-section-height-default elementor-section-height-default\" data-id=\"0821d44\" data-element_type=\"section\" data-e-type=\"section\">\n\t\t\t\t\t\t<div class=\"elementor-container elementor-column-gap-default\">\n\t\t\t\t\t<div class=\"elementor-column elementor-col-50 elementor-inner-column elementor-element elementor-element-f12c1bc\" data-id=\"f12c1bc\" data-element_type=\"column\" data-e-type=\"column\">\n\t\t\t<div class=\"elementor-widget-wrap elementor-element-populated\">\n\t\t\t\t\t\t<div class=\"elementor-element elementor-element-a16366b elementor-widget elementor-widget-text-editor\" data-id=\"a16366b\" data-element_type=\"widget\" data-e-type=\"widget\" data-widget_type=\"text-editor.default\">\n\t\t\t\t<div class=\"elementor-widget-container\">\n\t\t\t\t\t\t\t\t\t<p>La beaut\u00e9 de la Dream Machine r\u00e9side dans sa capacit\u00e9 \u00e0 s&rsquo;adapter \u00e0 votre parcours personnel.<\/p><ul><li><p><b>Vous \u00eates un particulier ?<\/b> Imaginez retrouver un sommeil r\u00e9parateur apr\u00e8s une longue journ\u00e9e, ou simplement vous offrir un moment de d\u00e9tente absolue. La Dream Machine est votre refuge de calme.<\/p><\/li><\/ul>\t\t\t\t\t\t\t\t<\/div>\n\t\t\t\t<\/div>\n\t\t\t\t\t<\/div>\n\t\t<\/div>\n\t\t\t\t<div class=\"elementor-column elementor-col-50 elementor-inner-column elementor-element elementor-element-9f97059\" data-id=\"9f97059\" data-element_type=\"column\" data-e-type=\"column\">\n\t\t\t<div class=\"elementor-widget-wrap elementor-element-populated\">\n\t\t\t\t\t\t<div class=\"elementor-element elementor-element-bf32c50 elementor-widget elementor-widget-text-editor\" data-id=\"bf32c50\" data-element_type=\"widget\" data-e-type=\"widget\" data-widget_type=\"text-editor.default\">\n\t\t\t\t<div class=\"elementor-widget-container\">\n\t\t\t\t\t\t\t\t\t<ul><li><p><b>Vous \u00eates un professionnel ?<\/b> Oubliez la fatigue mentale. Stimulez votre concentration et votre productivit\u00e9 pour atteindre vos objectifs avec clart\u00e9. La Dream Machine est votre atout secret pour la performance.<\/p><\/li><li>En tant que parents, vous cherchez des solutions pour l&rsquo;\u00e9panouissement de votre enfant ? <b data-path-to-node=\"1\" data-index-in-node=\"91\">D\u00e8s l&rsquo;\u00e2ge de 18 ans<\/b>, la <b data-path-to-node=\"1\" data-index-in-node=\"114\">Dream Machine<\/b> devient un alli\u00e9 pr\u00e9cieux pour l&rsquo;aider \u00e0 canaliser son \u00e9nergie, renforcer sa concentration et retrouver un apaisement profond. Offrez-lui un outil adapt\u00e9 pour cultiver durablement son \u00e9quilibre et sa s\u00e9r\u00e9nit\u00e9.<\/li><\/ul>\t\t\t\t\t\t\t\t<\/div>\n\t\t\t\t<\/div>\n\t\t\t\t\t<\/div>\n\t\t<\/div>\n\t\t\t\t\t<\/div>\n\t\t<\/section>\n\t\t\t\t<div class=\"elementor-element elementor-element-899213e elementor-widget elementor-widget-spacer\" data-id=\"899213e\" data-element_type=\"widget\" data-e-type=\"widget\" data-widget_type=\"spacer.default\">\n\t\t\t\t<div class=\"elementor-widget-container\">\n\t\t\t\t\t\t\t<div class=\"elementor-spacer\">\n\t\t\t<div class=\"elementor-spacer-inner\"><\/div>\n\t\t<\/div>\n\t\t\t\t\t\t<\/div>\n\t\t\t\t<\/div>\n\t\t\t\t<div class=\"elementor-element elementor-element-47b3a17 elementor-widget elementor-widget-heading\" data-id=\"47b3a17\" data-element_type=\"widget\" data-e-type=\"widget\" data-widget_type=\"heading.default\">\n\t\t\t\t<div class=\"elementor-widget-container\">\n\t\t\t\t\t<h5 class=\"elementor-heading-title elementor-size-default\">Effets ind\u00e9sirables et contre-indications<\/h5>\t\t\t\t<\/div>\n\t\t\t\t<\/div>\n\t\t\t\t<div class=\"elementor-element elementor-element-1049f96 elementor-widget elementor-widget-text-editor\" data-id=\"1049f96\" data-element_type=\"widget\" data-e-type=\"widget\" data-widget_type=\"text-editor.default\">\n\t\t\t\t<div class=\"elementor-widget-container\">\n\t\t\t\t\t\t\t\t\t<p>Bien que la <b data-path-to-node=\"0\" data-index-in-node=\"12\">Dream Machine<\/b> soit un outil de bien-\u00eatre innovant, son utilisation comporte des restrictions importantes. Elle est strictement contre-indiqu\u00e9e aux personnes souffrant d&rsquo;<b data-path-to-node=\"0\" data-index-in-node=\"181\">\u00e9pilepsie<\/b> (en raison des stimulations lumineuses), aux porteurs de <b data-path-to-node=\"0\" data-index-in-node=\"248\">stimulateurs cardiaques<\/b> (pacemakers) et aux <b data-path-to-node=\"0\" data-index-in-node=\"292\">femmes enceintes<\/b>. Concernant les effets ind\u00e9sirables, certains utilisateurs peuvent ressentir de l\u00e9gers vertiges, une fatigue passag\u00e8re ou une sensibilit\u00e9 oculaire apr\u00e8s une s\u00e9ance. Il est recommand\u00e9 de privil\u00e9gier une utilisation progressive pour habituer le syst\u00e8me nerveux aux stimuli.<\/p>\t\t\t\t\t\t\t\t<\/div>\n\t\t\t\t<\/div>\n\t\t\t\t\t<\/div>\n\t\t<\/div>\n\t\t\t\t\t<\/div>\n\t\t<\/section>\n\t\t\t\t<section class=\"elementor-section elementor-top-section elementor-element elementor-element-7a8f9c1 elementor-section-stretched elementor-section-boxed elementor-section-height-default elementor-section-height-default\" data-id=\"7a8f9c1\" data-element_type=\"section\" data-e-type=\"section\" data-settings=\"{&quot;background_background&quot;:&quot;classic&quot;,&quot;stretch_section&quot;:&quot;section-stretched&quot;}\">\n\t\t\t\t\t\t<div class=\"elementor-container elementor-column-gap-default\">\n\t\t\t\t\t<div class=\"elementor-column elementor-col-100 elementor-top-column elementor-element elementor-element-4b66014\" data-id=\"4b66014\" data-element_type=\"column\" data-e-type=\"column\">\n\t\t\t<div class=\"elementor-widget-wrap elementor-element-populated\">\n\t\t\t\t\t\t<div class=\"elementor-element elementor-element-4fd252f elementor-widget elementor-widget-menu-anchor\" data-id=\"4fd252f\" data-element_type=\"widget\" data-e-type=\"widget\" data-widget_type=\"menu-anchor.default\">\n\t\t\t\t<div class=\"elementor-widget-container\">\n\t\t\t\t\t\t\t<div class=\"elementor-menu-anchor\" id=\"transformation\"><\/div>\n\t\t\t\t\t\t<\/div>\n\t\t\t\t<\/div>\n\t\t\t\t<div class=\"elementor-element elementor-element-24cc164 elementor-widget elementor-widget-heading\" data-id=\"24cc164\" data-element_type=\"widget\" data-e-type=\"widget\" data-widget_type=\"heading.default\">\n\t\t\t\t<div class=\"elementor-widget-container\">\n\t\t\t\t\t<div class=\"elementor-heading-title elementor-size-default\">02<\/div>\t\t\t\t<\/div>\n\t\t\t\t<\/div>\n\t\t\t\t<div class=\"elementor-element elementor-element-68de05c elementor-widget elementor-widget-heading\" data-id=\"68de05c\" data-element_type=\"widget\" data-e-type=\"widget\" data-widget_type=\"heading.default\">\n\t\t\t\t<div class=\"elementor-widget-container\">\n\t\t\t\t\t<h1 class=\"elementor-heading-title elementor-size-default\">Commencer votre voyage : une invitation \u00e0 la d\u00e9couverte<\/h1>\t\t\t\t<\/div>\n\t\t\t\t<\/div>\n\t\t\t\t<section class=\"elementor-section elementor-inner-section elementor-element elementor-element-bc236da elementor-section-boxed elementor-section-height-default elementor-section-height-default\" data-id=\"bc236da\" data-element_type=\"section\" data-e-type=\"section\">\n\t\t\t\t\t\t<div class=\"elementor-container elementor-column-gap-default\">\n\t\t\t\t\t<div class=\"elementor-column elementor-col-100 elementor-inner-column elementor-element elementor-element-ce9c6ca\" data-id=\"ce9c6ca\" data-element_type=\"column\" data-e-type=\"column\">\n\t\t\t<div class=\"elementor-widget-wrap elementor-element-populated\">\n\t\t\t\t\t\t<div class=\"elementor-element elementor-element-9cd229d elementor-widget elementor-widget-text-editor\" data-id=\"9cd229d\" data-element_type=\"widget\" data-e-type=\"widget\" data-widget_type=\"text-editor.default\">\n\t\t\t\t<div class=\"elementor-widget-container\">\n\t\t\t\t\t\t\t\t\t<p>Ne vous contentez pas d&rsquo;imaginer les bienfaits. Venez les vivre. Nous vous proposons une <b>premi\u00e8re s\u00e9ance accompagn\u00e9e de la Dream Machine \u00e0 60\u20ac<\/b>. C&rsquo;est le moment id\u00e9al pour poser toutes vos questions et \u00eatre guid\u00e9 \u00e0 chaque \u00e9tape.<\/p><p>Une fois que vous serez \u00e0 l&rsquo;aise, vous pourrez continuer votre parcours en <b>s\u00e9ances autonomes<\/b> selon le forfait le plus adapt\u00e9 d\u00e9finit par votre conseiller selon vos besoins. Un choix \u00e9conomique pour un bien-\u00eatre durable.<\/p>\t\t\t\t\t\t\t\t<\/div>\n\t\t\t\t<\/div>\n\t\t\t\t\t<\/div>\n\t\t<\/div>\n\t\t\t\t\t<\/div>\n\t\t<\/section>\n\t\t\t\t\t<\/div>\n\t\t<\/div>\n\t\t\t\t\t<\/div>\n\t\t<\/section>\n\t\t\t\t<section class=\"elementor-section elementor-top-section elementor-element elementor-element-50bfae9 elementor-section-boxed elementor-section-height-default elementor-section-height-default\" data-id=\"50bfae9\" data-element_type=\"section\" data-e-type=\"section\">\n\t\t\t\t\t\t<div class=\"elementor-container elementor-column-gap-default\">\n\t\t\t\t\t<div class=\"elementor-column elementor-col-100 elementor-top-column elementor-element elementor-element-18d2a96\" data-id=\"18d2a96\" data-element_type=\"column\" data-e-type=\"column\">\n\t\t\t<div class=\"elementor-widget-wrap elementor-element-populated\">\n\t\t\t\t\t\t<div class=\"elementor-element elementor-element-df29bf2 elementor-widget elementor-widget-html\" data-id=\"df29bf2\" data-element_type=\"widget\" data-e-type=\"widget\" data-widget_type=\"html.default\">\n\t\t\t\t<div class=\"elementor-widget-container\">\n\t\t\t\t\t<!-- Google Calendar Appointment Scheduling begin -->\n<iframe src=\"https:\/\/calendar.google.com\/calendar\/appointments\/schedules\/AcZssZ2pCuaERAXNOH1hbQYJ4RIdzbTk6Tduxwfs8JTvDOCpvBYto3BDK51TzrV40UKo4vUKL0D-o_rU?gv=true\" style=\"border: 0\" width=\"100%\" height=\"600\" frameborder=\"0\"><\/iframe>\n<!-- end Google Calendar Appointment Scheduling -->\t\t\t\t<\/div>\n\t\t\t\t<\/div>\n\t\t\t\t<div class=\"elementor-element elementor-element-2437b5c elementor-widget elementor-widget-heading\" data-id=\"2437b5c\" data-element_type=\"widget\" data-e-type=\"widget\" data-widget_type=\"heading.default\">\n\t\t\t\t<div class=\"elementor-widget-container\">\n\t\t\t\t\t<h2 class=\"elementor-heading-title elementor-size-default\"><!-- Google Calendar Appointment Scheduling begin -->\n\n<!-- end Google Calendar Appointment Scheduling --><\/h2>\t\t\t\t<\/div>\n\t\t\t\t<\/div>\n\t\t\t\t\t<\/div>\n\t\t<\/div>\n\t\t\t\t\t<\/div>\n\t\t<\/section>\n\t\t\t\t<section class=\"elementor-section elementor-top-section elementor-element elementor-element-5ae0784 elementor-section-stretched elementor-section-boxed elementor-section-height-default elementor-section-height-default\" data-id=\"5ae0784\" data-element_type=\"section\" data-e-type=\"section\" data-settings=\"{&quot;background_background&quot;:&quot;classic&quot;,&quot;stretch_section&quot;:&quot;section-stretched&quot;}\">\n\t\t\t\t\t\t\t<div class=\"elementor-background-overlay\"><\/div>\n\t\t\t\t\t\t\t<div class=\"elementor-container elementor-column-gap-default\">\n\t\t\t\t\t<div class=\"elementor-column elementor-col-100 elementor-top-column elementor-element elementor-element-bb5b97b\" data-id=\"bb5b97b\" data-element_type=\"column\" data-e-type=\"column\">\n\t\t\t<div class=\"elementor-widget-wrap elementor-element-populated\">\n\t\t\t\t\t\t<div class=\"elementor-element elementor-element-7161f32 elementor-widget elementor-widget-google_maps\" data-id=\"7161f32\" data-element_type=\"widget\" data-e-type=\"widget\" data-widget_type=\"google_maps.default\">\n\t\t\t\t<div class=\"elementor-widget-container\">\n\t\t\t\t\t\t\t<div class=\"elementor-custom-embed\">\n\t\t\t<iframe loading=\"lazy\"\n\t\t\t\t\tsrc=\"https:\/\/maps.google.com\/maps?q=10%20avenue%20Guy%20de%20Maupassant%2C%2013008%20Marseille%2C%20France&#038;t=m&#038;z=16&#038;output=embed&#038;iwloc=near\"\n\t\t\t\t\ttitle=\"10 avenue Guy de Maupassant, 13008 Marseille, France\"\n\t\t\t\t\taria-label=\"10 avenue Guy de Maupassant, 13008 Marseille, France\"\n\t\t\t><\/iframe>\n\t\t<\/div>\n\t\t\t\t\t\t<\/div>\n\t\t\t\t<\/div>\n\t\t\t\t\t<\/div>\n\t\t<\/div>\n\t\t\t\t\t<\/div>\n\t\t<\/section>\n\t\t\t\t<\/div>\n\t\t","protected":false},"excerpt":{"rendered":"<p>Dream Machine \u00c9teindre le bruit, se rel\u00e2cher : Voyagez avec la Dream Machine Les s\u00e9ances n\u2019ont pas vocation \u00e0 \u00e9tablir un diagnostic ni \u00e0 remplacer un suivi m\u00e9dical.Elles visent \u00e0 soutenir l\u2019\u00e9quilibre, la d\u00e9tente et la vitalit\u00e9, en compl\u00e9ment d\u2019une d\u00e9marche de sant\u00e9 encadr\u00e9e par des professionnels. 01 Nos vies sont souvent faites de bruits,&hellip;&nbsp;<a href=\"https:\/\/www.architectedeparcours.com\/index.php\/dream-machine\/\" class=\"\" rel=\"bookmark\">Lire la suite &raquo;<span class=\"screen-reader-text\">Dream Machine<\/span><\/a><\/p>\n","protected":false},"author":3,"featured_media":0,"parent":0,"menu_order":0,"comment_status":"closed","ping_status":"closed","template":"page-templates\/template-pagebuilder-full-width.php","meta":{"neve_meta_sidebar":"","neve_meta_container":"","neve_meta_enable_content_width":"","neve_meta_content_width":0,"neve_meta_title_alignment":"","neve_meta_author_avatar":"","neve_post_elements_order":"","neve_meta_disable_header":"","neve_meta_disable_footer":"","neve_meta_disable_title":"","_themeisle_gutenberg_block_has_review":false,"footnotes":""},"class_list":["post-3630","page","type-page","status-publish","hentry"],"wppr_data":{"cwp_meta_box_check":"No"},"_links":{"self":[{"href":"https:\/\/www.architectedeparcours.com\/index.php\/wp-json\/wp\/v2\/pages\/3630","targetHints":{"allow":["GET"]}}],"collection":[{"href":"https:\/\/www.architectedeparcours.com\/index.php\/wp-json\/wp\/v2\/pages"}],"about":[{"href":"https:\/\/www.architectedeparcours.com\/index.php\/wp-json\/wp\/v2\/types\/page"}],"author":[{"embeddable":true,"href":"https:\/\/www.architectedeparcours.com\/index.php\/wp-json\/wp\/v2\/users\/3"}],"replies":[{"embeddable":true,"href":"https:\/\/www.architectedeparcours.com\/index.php\/wp-json\/wp\/v2\/comments?post=3630"}],"version-history":[{"count":88,"href":"https:\/\/www.architectedeparcours.com\/index.php\/wp-json\/wp\/v2\/pages\/3630\/revisions"}],"predecessor-version":[{"id":4204,"href":"https:\/\/www.architectedeparcours.com\/index.php\/wp-json\/wp\/v2\/pages\/3630\/revisions\/4204"}],"wp:attachment":[{"href":"https:\/\/www.architectedeparcours.com\/index.php\/wp-json\/wp\/v2\/media?parent=3630"}],"curies":[{"name":"wp","href":"https:\/\/api.w.org\/{rel}","templated":true}]}}