{"id":3063,"date":"2024-05-01T16:08:11","date_gmt":"2024-05-01T14:08:11","guid":{"rendered":"https:\/\/www.architectedeparcours.com\/?page_id=3063"},"modified":"2026-04-10T11:44:36","modified_gmt":"2026-04-10T09:44:36","slug":"indicateurs-activite","status":"publish","type":"page","link":"https:\/\/www.architectedeparcours.com\/index.php\/indicateurs-activite\/","title":{"rendered":"Indicateurs activit\u00e9"},"content":{"rendered":"\t\t<div data-elementor-type=\"wp-page\" data-elementor-id=\"3063\" class=\"elementor elementor-3063\" data-elementor-post-type=\"page\">\n\t\t\t\t\t\t<section class=\"elementor-section elementor-top-section elementor-element elementor-element-7ea4722 elementor-section-stretched elementor-section-boxed elementor-section-height-default elementor-section-height-default\" data-id=\"7ea4722\" data-element_type=\"section\" data-e-type=\"section\" data-settings=\"{&quot;background_background&quot;:&quot;classic&quot;,&quot;stretch_section&quot;:&quot;section-stretched&quot;}\">\n\t\t\t\t\t\t<div class=\"elementor-container elementor-column-gap-default\">\n\t\t\t\t\t<div class=\"elementor-column elementor-col-100 elementor-top-column elementor-element elementor-element-e77b143\" data-id=\"e77b143\" data-element_type=\"column\" data-e-type=\"column\">\n\t\t\t<div class=\"elementor-widget-wrap elementor-element-populated\">\n\t\t\t\t\t\t<div class=\"elementor-element elementor-element-344844d elementor-widget-divider--view-line elementor-widget elementor-widget-divider\" data-id=\"344844d\" data-element_type=\"widget\" data-e-type=\"widget\" data-widget_type=\"divider.default\">\n\t\t\t\t<div class=\"elementor-widget-container\">\n\t\t\t\t\t\t\t<div class=\"elementor-divider\">\n\t\t\t<span class=\"elementor-divider-separator\">\n\t\t\t\t\t\t<\/span>\n\t\t<\/div>\n\t\t\t\t\t\t<\/div>\n\t\t\t\t<\/div>\n\t\t\t\t<div class=\"elementor-element elementor-element-30dd8df elementor-widget elementor-widget-menu-anchor\" data-id=\"30dd8df\" data-element_type=\"widget\" data-e-type=\"widget\" data-widget_type=\"menu-anchor.default\">\n\t\t\t\t<div class=\"elementor-widget-container\">\n\t\t\t\t\t\t\t<div class=\"elementor-menu-anchor\" id=\"formation07\"><\/div>\n\t\t\t\t\t\t<\/div>\n\t\t\t\t<\/div>\n\t\t\t\t<div class=\"elementor-element elementor-element-e8d17d2 elementor-widget-divider--view-line elementor-widget elementor-widget-divider\" data-id=\"e8d17d2\" data-element_type=\"widget\" data-e-type=\"widget\" data-widget_type=\"divider.default\">\n\t\t\t\t<div class=\"elementor-widget-container\">\n\t\t\t\t\t\t\t<div class=\"elementor-divider\">\n\t\t\t<span class=\"elementor-divider-separator\">\n\t\t\t\t\t\t<\/span>\n\t\t<\/div>\n\t\t\t\t\t\t<\/div>\n\t\t\t\t<\/div>\n\t\t\t\t<div class=\"elementor-element elementor-element-692fc48 elementor-widget elementor-widget-heading\" data-id=\"692fc48\" data-element_type=\"widget\" data-e-type=\"widget\" data-widget_type=\"heading.default\">\n\t\t\t\t<div class=\"elementor-widget-container\">\n\t\t\t\t\t<div class=\"elementor-heading-title elementor-size-default\">01<\/div>\t\t\t\t<\/div>\n\t\t\t\t<\/div>\n\t\t\t\t<div class=\"elementor-element elementor-element-cd16391 elementor-widget elementor-widget-heading\" data-id=\"cd16391\" data-element_type=\"widget\" data-e-type=\"widget\" data-widget_type=\"heading.default\">\n\t\t\t\t<div class=\"elementor-widget-container\">\n\t\t\t\t\t<h1 class=\"elementor-heading-title elementor-size-default\">Indicateurs activit\u00e9<\/h1>\t\t\t\t<\/div>\n\t\t\t\t<\/div>\n\t\t\t\t<section class=\"elementor-section elementor-inner-section elementor-element elementor-element-1b270f5 elementor-section-boxed elementor-section-height-default elementor-section-height-default\" data-id=\"1b270f5\" data-element_type=\"section\" data-e-type=\"section\">\n\t\t\t\t\t\t<div class=\"elementor-container elementor-column-gap-no\">\n\t\t\t\t\t<div class=\"elementor-column elementor-col-100 elementor-inner-column elementor-element elementor-element-f8cf82c\" data-id=\"f8cf82c\" data-element_type=\"column\" data-e-type=\"column\">\n\t\t\t<div class=\"elementor-widget-wrap elementor-element-populated\">\n\t\t\t\t\t\t<div class=\"elementor-element elementor-element-3067981 elementor-widget elementor-widget-text-editor\" data-id=\"3067981\" data-element_type=\"widget\" data-e-type=\"widget\" data-widget_type=\"text-editor.default\">\n\t\t\t\t<div class=\"elementor-widget-container\">\n\t\t\t\t\t\t\t\t\t<h4><span style=\"color: #000000;\">Nos chiffres cl\u00e9s\u00a0<\/span><\/h4>\t\t\t\t\t\t\t\t<\/div>\n\t\t\t\t<\/div>\n\t\t\t\t\t<\/div>\n\t\t<\/div>\n\t\t\t\t\t<\/div>\n\t\t<\/section>\n\t\t\t\t<div class=\"elementor-element elementor-element-db364ea elementor-widget elementor-widget-elementskit-simple-tab\" data-id=\"db364ea\" data-element_type=\"widget\" data-e-type=\"widget\" data-widget_type=\"elementskit-simple-tab.default\">\n\t\t\t\t<div class=\"elementor-widget-container\">\n\t\t\t\t\t<div class=\"ekit-wid-con\" >        <div class=\"elementkit-tab-wraper vertical  elementskit-fitcontent-tab \">\n            <ul class=\"nav nav-tabs elementkit-tab-nav \">\n                                    <li class=\"elementkit-nav-item elementor-repeater-item-37905ba\">\n                        <a class=\"elementkit-nav-link  active show left-pos\" id=\"content-37905ba6a0955cf6d325-tab\" data-ekit-handler-id=\"nov-2024-oct-2025\" data-ekit-toggle=\"tab\" data-target=\"#content-37905ba6a0955cf6d325\" href=\"#Content-37905ba6a0955cf6d325\"\n                            data-ekit-toggle-trigger=\"click\"\n                            aria-describedby=\"Content-37905ba6a0955cf6d325\">\n                                                        <span class=\"elementskit-tab-title\">Nov 2024 \u00e0  Oct 2025<\/span>\n                        <\/a>\n                    <\/li>\n                                        <li class=\"elementkit-nav-item elementor-repeater-item-175b7d0\">\n                        <a class=\"elementkit-nav-link  left-pos\" id=\"content-175b7d06a0955cf6d325-tab\" data-ekit-handler-id=\"nov-2023-oct-2024\" data-ekit-toggle=\"tab\" data-target=\"#content-175b7d06a0955cf6d325\" href=\"#Content-175b7d06a0955cf6d325\"\n                            data-ekit-toggle-trigger=\"click\"\n                            aria-describedby=\"Content-175b7d06a0955cf6d325\">\n                                                        <span class=\"elementskit-tab-title\">Nov 2023 \u00e0  Oct 2024<\/span>\n                        <\/a>\n                    <\/li>\n                                        <li class=\"elementkit-nav-item elementor-repeater-item-2135f16\">\n                        <a class=\"elementkit-nav-link  left-pos\" id=\"content-2135f166a0955cf6d325-tab\" data-ekit-handler-id=\"nov-2022-oct-2023\" data-ekit-toggle=\"tab\" data-target=\"#content-2135f166a0955cf6d325\" href=\"#Content-2135f166a0955cf6d325\"\n                            data-ekit-toggle-trigger=\"click\"\n                            aria-describedby=\"Content-2135f166a0955cf6d325\">\n                                                        <span class=\"elementskit-tab-title\">Nov 2022 \u00e0 Oct 2023<\/span>\n                        <\/a>\n                    <\/li>\n                                        <li class=\"elementkit-nav-item elementor-repeater-item-dd97f0f\">\n                        <a class=\"elementkit-nav-link  left-pos\" id=\"content-dd97f0f6a0955cf6d325-tab\" data-ekit-handler-id=\"nov-2021-oct-2022\" data-ekit-toggle=\"tab\" data-target=\"#content-dd97f0f6a0955cf6d325\" href=\"#Content-dd97f0f6a0955cf6d325\"\n                            data-ekit-toggle-trigger=\"click\"\n                            aria-describedby=\"Content-dd97f0f6a0955cf6d325\">\n                                                        <span class=\"elementskit-tab-title\">Nov 2021 \u00e0 Oct 2022<\/span>\n                        <\/a>\n                    <\/li>\n                                        <li class=\"elementkit-nav-item elementor-repeater-item-3e6d687\">\n                        <a class=\"elementkit-nav-link  left-pos\" id=\"content-3e6d6876a0955cf6d325-tab\" data-ekit-handler-id=\"nov-2020-oct-2021\" data-ekit-toggle=\"tab\" data-target=\"#content-3e6d6876a0955cf6d325\" href=\"#Content-3e6d6876a0955cf6d325\"\n                            data-ekit-toggle-trigger=\"click\"\n                            aria-describedby=\"Content-3e6d6876a0955cf6d325\">\n                                                        <span class=\"elementskit-tab-title\">Nov 2020 \u00e0 Oct 2021<\/span>\n                        <\/a>\n                    <\/li>\n                                        <li class=\"elementkit-nav-item elementor-repeater-item-4a009f9\">\n                        <a class=\"elementkit-nav-link  left-pos\" id=\"content-4a009f96a0955cf6d325-tab\" data-ekit-handler-id=\"avril-2019-oct-2020\" data-ekit-toggle=\"tab\" data-target=\"#content-4a009f96a0955cf6d325\" href=\"#Content-4a009f96a0955cf6d325\"\n                            data-ekit-toggle-trigger=\"click\"\n                            aria-describedby=\"Content-4a009f96a0955cf6d325\">\n                                                        <span class=\"elementskit-tab-title\">Avril 2019 \u00e0 Oct 2020<\/span>\n                        <\/a>\n                    <\/li>\n                                <\/ul>\n\n            <div class=\"tab-content elementkit-tab-content\">\n                                    <div class=\"tab-pane elementkit-tab-pane elementor-repeater-item-37905ba  active show\" id=\"content-37905ba6a0955cf6d325\" role=\"tabpanel\"\n                         aria-labelledby=\"content-37905ba6a0955cf6d325-tab\">\n                        <div class=\"animated fadeIn\">\n                            <ul><li>Nombre d\u2019apprenants : <b>8<\/b><\/li><li>Nombre d&rsquo;apprenants en situation de handicap : <b>0<\/b><\/li><li>Nombre d\u2019heures de formation :<b> 24 <\/b>heures<\/li><li>Nombre d\u2019actions de formation : <strong>1 <\/strong>session de formation<\/li><\/ul><p>R\u00e9partition par domaine de session de formation :<\/p><ul><li>Efficacit\u00e9 relationnelle : <strong>100%<\/strong><\/li><\/ul>                        <\/div>\n                    <\/div>\n                                    <div class=\"tab-pane elementkit-tab-pane elementor-repeater-item-175b7d0 \" id=\"content-175b7d06a0955cf6d325\" role=\"tabpanel\"\n                         aria-labelledby=\"content-175b7d06a0955cf6d325-tab\">\n                        <div class=\"animated fadeIn\">\n                            <ul><li>Nombre d\u2019apprenants : <b>23<\/b><\/li><li>Nombre d\u2019heures de formation :<b> 334 <\/b>heures<\/li><li>Nombre d\u2019actions de formation : <strong>4 <\/strong>sessions de formation<\/li><\/ul><p>R\u00e9partition par domaine de session de formation :<\/p><ul><li>Efficacit\u00e9 relationnelle : <strong>50%<\/strong><\/li><li>P\u00e9dagogie : <strong>50%<\/strong><\/li><\/ul><p>R\u00e9sultat des \u00e9valuations qualitatives des apprenants : <strong>100% <\/strong>satisfaction globale (hors sous-traitance)<\/p><p>Satisfaction p\u00e9dagogique : <strong>99%<\/strong>\u00a0 (hors sous-traitance)<\/p>                        <\/div>\n                    <\/div>\n                                    <div class=\"tab-pane elementkit-tab-pane elementor-repeater-item-2135f16 \" id=\"content-2135f166a0955cf6d325\" role=\"tabpanel\"\n                         aria-labelledby=\"content-2135f166a0955cf6d325-tab\">\n                        <div class=\"animated fadeIn\">\n                            <ul><li>Nombre d\u2019apprenants : <strong>12<\/strong><\/li><li>Nombre d\u2019heures de formation :<strong> 384 <\/strong>heures<\/li><li>Nombre d\u2019actions de formation : <strong>2 <\/strong>sessions de formation<\/li><\/ul><p>R\u00e9partition par domaine de session de formation :<\/p><ul><li>Efficacit\u00e9 relationnelle : <strong>50%<\/strong><\/li><li>Management : <strong>50%<\/strong><\/li><\/ul><p>R\u00e9sultat des \u00e9valuations qualitatives des apprenants : <strong>100% <\/strong>satisfaction globale (hors sous-traitance)<\/p><p>Satisfaction p\u00e9dagogique : <strong>100%<\/strong>\u00a0 (hors sous-traitance)<\/p><p>Taux d\u2019obtention Certificat de comp\u00e9tence RNCP35961BC04 : <strong>66%<\/strong><\/p>                        <\/div>\n                    <\/div>\n                                    <div class=\"tab-pane elementkit-tab-pane elementor-repeater-item-dd97f0f \" id=\"content-dd97f0f6a0955cf6d325\" role=\"tabpanel\"\n                         aria-labelledby=\"content-dd97f0f6a0955cf6d325-tab\">\n                        <div class=\"animated fadeIn\">\n                            <ul><li>Nombre d\u2019apprenants : <b>21<\/b><\/li><li>Nombre d\u2019heures de formation : <b>355 <\/b>heures<\/li><li>Nombre d\u2019actions de formation : <strong>3<\/strong> sessions de formation<\/li><\/ul><p>R\u00e9partition par domaine de session de formation :<\/p><ul><li>Conduite du changement\u00a0 : <strong>33%<\/strong><\/li><li>Efficacit\u00e9 relationnelle : <strong>34%<\/strong><\/li><li>Orientation : <strong>33%<\/strong><\/li><\/ul><p>R\u00e9sultat des \u00e9valuations qualitatives des apprenants : <strong>100% <\/strong>satisfaction globale (hors sous-traitance)<\/p><p>Satisfaction p\u00e9dagogique : <strong>100%<\/strong>\u00a0 (hors sous-traitance)<\/p>                        <\/div>\n                    <\/div>\n                                    <div class=\"tab-pane elementkit-tab-pane elementor-repeater-item-3e6d687 \" id=\"content-3e6d6876a0955cf6d325\" role=\"tabpanel\"\n                         aria-labelledby=\"content-3e6d6876a0955cf6d325-tab\">\n                        <div class=\"animated fadeIn\">\n                            <ul><li>Nombre d\u2019apprenants : <b>21<\/b><\/li><li>Nombre d\u2019heures de formation : <b>182,5 <\/b>heures<\/li><li>Nombre d\u2019actions de formation : <b>5<\/b> sessions de formation<\/li><\/ul><p>R\u00e9partition par domaine de session de formation :<\/p><ul><li>Conduite du changement\u00a0 : <b>20%<\/b><\/li><li>Efficacit\u00e9 relationnelle : <b>80<\/b>%<\/li><\/ul><p>R\u00e9sultat des \u00e9valuations qualitatives des apprenants : <b>96%<\/b> satisfaction globale (hors sous-traitance)<\/p><p>Satisfaction p\u00e9dagogique : <b>96%<\/b>\u00a0 (hors sous-traitance)<\/p>                        <\/div>\n                    <\/div>\n                                    <div class=\"tab-pane elementkit-tab-pane elementor-repeater-item-4a009f9 \" id=\"content-4a009f96a0955cf6d325\" role=\"tabpanel\"\n                         aria-labelledby=\"content-4a009f96a0955cf6d325-tab\">\n                        <div class=\"animated fadeIn\">\n                            <ul><li>Nombre d\u2019apprenants : <b>76<\/b><\/li><li>Nombre d\u2019heures de formation : <b>100,5<\/b> heures<\/li><li>Nombre d\u2019actions de formation : <b>8<\/b> sessions de formation<\/li><\/ul><p>R\u00e9partition par domaine de session de formation :<\/p><ul><li>Conduite du changement\u00a0 : <b>13%<\/b><\/li><li>Efficacit\u00e9 relationnelle : <b>75<\/b>%<\/li><li>P\u00e9dagogie : <b>12%<\/b><\/li><\/ul><p>R\u00e9sultat des \u00e9valuations qualitatives des apprenants : <b>86%<\/b> satisfaction globale (hors sous-traitance)<\/p><p>Satisfaction p\u00e9dagogique : <b>93%<\/b>\u00a0 (hors sous-traitance)<\/p>                        <\/div>\n                    <\/div>\n                                \n            <\/div>\n                    <\/div>\n    <\/div>\t\t\t\t<\/div>\n\t\t\t\t<\/div>\n\t\t\t\t<div class=\"elementor-element elementor-element-52eec4a elementor-widget elementor-widget-heading\" data-id=\"52eec4a\" data-element_type=\"widget\" data-e-type=\"widget\" data-widget_type=\"heading.default\">\n\t\t\t\t<div class=\"elementor-widget-container\">\n\t\t\t\t\t<h2 class=\"elementor-heading-title elementor-size-default\">Num\u00e9ro de d\u00e9claration d'activit\u00e9 : 931 317 815 13<\/h2>\t\t\t\t<\/div>\n\t\t\t\t<\/div>\n\t\t\t\t\t<\/div>\n\t\t<\/div>\n\t\t\t\t\t<\/div>\n\t\t<\/section>\n\t\t\t\t<section class=\"elementor-section elementor-top-section elementor-element elementor-element-1fd249b elementor-section-stretched elementor-section-boxed elementor-section-height-default elementor-section-height-default\" data-id=\"1fd249b\" data-element_type=\"section\" data-e-type=\"section\" data-settings=\"{&quot;background_background&quot;:&quot;classic&quot;,&quot;stretch_section&quot;:&quot;section-stretched&quot;}\">\n\t\t\t\t\t\t<div class=\"elementor-container elementor-column-gap-default\">\n\t\t\t\t\t<div class=\"elementor-column elementor-col-100 elementor-top-column elementor-element elementor-element-5dd9931\" data-id=\"5dd9931\" data-element_type=\"column\" data-e-type=\"column\">\n\t\t\t<div class=\"elementor-widget-wrap elementor-element-populated\">\n\t\t\t\t\t\t<div class=\"elementor-element elementor-element-19a233c elementor-widget elementor-widget-menu-anchor\" data-id=\"19a233c\" data-element_type=\"widget\" data-e-type=\"widget\" data-widget_type=\"menu-anchor.default\">\n\t\t\t\t<div class=\"elementor-widget-container\">\n\t\t\t\t\t\t\t<div class=\"elementor-menu-anchor\" id=\"certificat\"><\/div>\n\t\t\t\t\t\t<\/div>\n\t\t\t\t<\/div>\n\t\t\t\t<div class=\"elementor-element elementor-element-44327b6 elementor-widget elementor-widget-heading\" data-id=\"44327b6\" data-element_type=\"widget\" data-e-type=\"widget\" data-widget_type=\"heading.default\">\n\t\t\t\t<div class=\"elementor-widget-container\">\n\t\t\t\t\t<div class=\"elementor-heading-title elementor-size-default\">02<\/div>\t\t\t\t<\/div>\n\t\t\t\t<\/div>\n\t\t\t\t<div class=\"elementor-element elementor-element-69ca17d elementor-widget elementor-widget-heading\" data-id=\"69ca17d\" data-element_type=\"widget\" data-e-type=\"widget\" data-widget_type=\"heading.default\">\n\t\t\t\t<div class=\"elementor-widget-container\">\n\t\t\t\t\t<h1 class=\"elementor-heading-title elementor-size-default\">Certificat Qualiopi<\/h1>\t\t\t\t<\/div>\n\t\t\t\t<\/div>\n\t\t\t\t\t<\/div>\n\t\t<\/div>\n\t\t\t\t\t<\/div>\n\t\t<\/section>\n\t\t\t\t<section class=\"elementor-section elementor-top-section elementor-element elementor-element-96f4cfb elementor-section-height-full elementor-section-items-top elementor-section-boxed elementor-section-height-default\" data-id=\"96f4cfb\" data-element_type=\"section\" data-e-type=\"section\">\n\t\t\t\t\t\t<div class=\"elementor-container elementor-column-gap-default\">\n\t\t\t\t\t<div class=\"elementor-column elementor-col-100 elementor-top-column elementor-element elementor-element-19e4fd3\" data-id=\"19e4fd3\" data-element_type=\"column\" data-e-type=\"column\">\n\t\t\t<div class=\"elementor-widget-wrap elementor-element-populated\">\n\t\t\t\t\t\t<div class=\"elementor-element elementor-element-ddd7a29 elementor-widget__width-inherit e-transform elementor-widget elementor-widget-pdfjs-viewer\" data-id=\"ddd7a29\" data-element_type=\"widget\" data-e-type=\"widget\" data-settings=\"{&quot;_transform_scale_effect&quot;:{&quot;unit&quot;:&quot;px&quot;,&quot;size&quot;:1,&quot;sizes&quot;:[]},&quot;_transform_scale_effect_tablet&quot;:{&quot;unit&quot;:&quot;px&quot;,&quot;size&quot;:&quot;&quot;,&quot;sizes&quot;:[]},&quot;_transform_scale_effect_mobile&quot;:{&quot;unit&quot;:&quot;px&quot;,&quot;size&quot;:&quot;&quot;,&quot;sizes&quot;:[]}}\" data-widget_type=\"pdfjs-viewer.default\">\n\t\t\t\t<div class=\"elementor-widget-container\">\n\t\t\t\t\t<iframe width=\"400\" height=\"700\" src=\"https:\/\/www.architectedeparcours.com\/wp-content\/plugins\/pdfjs-viewer-for-elementor\/\/assets\/js\/pdfjs\/web\/viewer.html?file=https:\/\/www.architectedeparcours.com\/wp-content\/uploads\/2024\/07\/Certificat-Qualiopi-2024-2027.pdf\"><\/iframe>\t\t\t\t<\/div>\n\t\t\t\t<\/div>\n\t\t\t\t\t<\/div>\n\t\t<\/div>\n\t\t\t\t\t<\/div>\n\t\t<\/section>\n\t\t\t\t<section class=\"elementor-section elementor-top-section elementor-element elementor-element-b7abed6 elementor-section-stretched elementor-section-boxed elementor-section-height-default elementor-section-height-default\" data-id=\"b7abed6\" data-element_type=\"section\" data-e-type=\"section\" data-settings=\"{&quot;background_background&quot;:&quot;classic&quot;,&quot;stretch_section&quot;:&quot;section-stretched&quot;}\">\n\t\t\t\t\t\t\t<div class=\"elementor-background-overlay\"><\/div>\n\t\t\t\t\t\t\t<div class=\"elementor-container elementor-column-gap-default\">\n\t\t\t\t\t<div class=\"elementor-column elementor-col-100 elementor-top-column elementor-element elementor-element-9815c90\" data-id=\"9815c90\" data-element_type=\"column\" data-e-type=\"column\">\n\t\t\t<div class=\"elementor-widget-wrap elementor-element-populated\">\n\t\t\t\t\t\t<div class=\"elementor-element elementor-element-9991e64 elementor-widget elementor-widget-heading\" data-id=\"9991e64\" data-element_type=\"widget\" data-e-type=\"widget\" data-widget_type=\"heading.default\">\n\t\t\t\t<div class=\"elementor-widget-container\">\n\t\t\t\t\t<h1 class=\"elementor-heading-title elementor-size-default\">O\u00f9 nous sommes<\/h1>\t\t\t\t<\/div>\n\t\t\t\t<\/div>\n\t\t\t\t<div class=\"elementor-element elementor-element-153903c elementor-widget elementor-widget-heading\" data-id=\"153903c\" data-element_type=\"widget\" data-e-type=\"widget\" data-widget_type=\"heading.default\">\n\t\t\t\t<div class=\"elementor-widget-container\">\n\t\t\t\t\t<h2 class=\"elementor-heading-title elementor-size-default\">10 avenue Guy de Maupassant \u2022 13008 Marseille<\/h2>\t\t\t\t<\/div>\n\t\t\t\t<\/div>\n\t\t\t\t<div class=\"elementor-element elementor-element-e976844 elementor-widget elementor-widget-text-editor\" data-id=\"e976844\" data-element_type=\"widget\" data-e-type=\"widget\" data-widget_type=\"text-editor.default\">\n\t\t\t\t<div class=\"elementor-widget-container\">\n\t\t\t\t\t\t\t\t\t<p><strong>Parking facile et gratuit<\/strong><\/p>\t\t\t\t\t\t\t\t<\/div>\n\t\t\t\t<\/div>\n\t\t\t\t<div class=\"elementor-element elementor-element-f3a96e2 elementor-widget elementor-widget-google_maps\" data-id=\"f3a96e2\" data-element_type=\"widget\" data-e-type=\"widget\" data-widget_type=\"google_maps.default\">\n\t\t\t\t<div class=\"elementor-widget-container\">\n\t\t\t\t\t\t\t<div class=\"elementor-custom-embed\">\n\t\t\t<iframe loading=\"lazy\"\n\t\t\t\t\tsrc=\"https:\/\/maps.google.com\/maps?q=10%20avenue%20Guy%20de%20Maupassant%2C%2013008%20Marseille%2C%20France&#038;t=m&#038;z=16&#038;output=embed&#038;iwloc=near\"\n\t\t\t\t\ttitle=\"10 avenue Guy de Maupassant, 13008 Marseille, France\"\n\t\t\t\t\taria-label=\"10 avenue Guy de Maupassant, 13008 Marseille, France\"\n\t\t\t><\/iframe>\n\t\t<\/div>\n\t\t\t\t\t\t<\/div>\n\t\t\t\t<\/div>\n\t\t\t\t<div class=\"elementor-element elementor-element-ea06798 elementor-button-info elementor-align-center elementor-widget elementor-widget-button\" data-id=\"ea06798\" data-element_type=\"widget\" data-e-type=\"widget\" data-widget_type=\"button.default\">\n\t\t\t\t<div class=\"elementor-widget-container\">\n\t\t\t\t\t\t\t\t\t<div class=\"elementor-button-wrapper\">\n\t\t\t\t\t<a class=\"elementor-button elementor-button-link elementor-size-sm\" href=\"mailto:mafructus@gmail.com\" target=\"_blank\" rel=\"nofollow\">\n\t\t\t\t\t\t<span class=\"elementor-button-content-wrapper\">\n\t\t\t\t\t\t<span class=\"elementor-button-icon\">\n\t\t\t\t<i aria-hidden=\"true\" class=\"fas fa-external-link-alt\"><\/i>\t\t\t<\/span>\n\t\t\t\t\t\t\t\t\t<span class=\"elementor-button-text\">Prendre contact<\/span>\n\t\t\t\t\t<\/span>\n\t\t\t\t\t<\/a>\n\t\t\t\t<\/div>\n\t\t\t\t\t\t\t\t<\/div>\n\t\t\t\t<\/div>\n\t\t\t\t\t<\/div>\n\t\t<\/div>\n\t\t\t\t\t<\/div>\n\t\t<\/section>\n\t\t\t\t<\/div>\n\t\t","protected":false},"excerpt":{"rendered":"<p>01 Indicateurs activit\u00e9 Nos chiffres cl\u00e9s\u00a0 Nov 2024 \u00e0 Oct 2025 Nov 2023 \u00e0 Oct 2024 Nov 2022 \u00e0 Oct 2023 Nov 2021 \u00e0 Oct 2022 Nov 2020 \u00e0 Oct 2021 Avril 2019 \u00e0 Oct 2020 Nombre d\u2019apprenants : 8 Nombre d&rsquo;apprenants en situation de handicap : 0 Nombre d\u2019heures de formation : 24 heures&hellip;&nbsp;<a href=\"https:\/\/www.architectedeparcours.com\/index.php\/indicateurs-activite\/\" class=\"\" rel=\"bookmark\">Lire la suite &raquo;<span class=\"screen-reader-text\">Indicateurs activit\u00e9<\/span><\/a><\/p>\n","protected":false},"author":1,"featured_media":0,"parent":0,"menu_order":0,"comment_status":"closed","ping_status":"closed","template":"page-templates\/template-pagebuilder-full-width.php","meta":{"neve_meta_sidebar":"","neve_meta_container":"","neve_meta_enable_content_width":"","neve_meta_content_width":0,"neve_meta_title_alignment":"","neve_meta_author_avatar":"","neve_post_elements_order":"","neve_meta_disable_header":"","neve_meta_disable_footer":"","neve_meta_disable_title":"","_themeisle_gutenberg_block_has_review":false,"footnotes":""},"class_list":["post-3063","page","type-page","status-publish","hentry"],"wppr_data":{"cwp_meta_box_check":"No"},"_links":{"self":[{"href":"https:\/\/www.architectedeparcours.com\/index.php\/wp-json\/wp\/v2\/pages\/3063","targetHints":{"allow":["GET"]}}],"collection":[{"href":"https:\/\/www.architectedeparcours.com\/index.php\/wp-json\/wp\/v2\/pages"}],"about":[{"href":"https:\/\/www.architectedeparcours.com\/index.php\/wp-json\/wp\/v2\/types\/page"}],"author":[{"embeddable":true,"href":"https:\/\/www.architectedeparcours.com\/index.php\/wp-json\/wp\/v2\/users\/1"}],"replies":[{"embeddable":true,"href":"https:\/\/www.architectedeparcours.com\/index.php\/wp-json\/wp\/v2\/comments?post=3063"}],"version-history":[{"count":160,"href":"https:\/\/www.architectedeparcours.com\/index.php\/wp-json\/wp\/v2\/pages\/3063\/revisions"}],"predecessor-version":[{"id":4116,"href":"https:\/\/www.architectedeparcours.com\/index.php\/wp-json\/wp\/v2\/pages\/3063\/revisions\/4116"}],"wp:attachment":[{"href":"https:\/\/www.architectedeparcours.com\/index.php\/wp-json\/wp\/v2\/media?parent=3063"}],"curies":[{"name":"wp","href":"https:\/\/api.w.org\/{rel}","templated":true}]}}