{"id":1248,"date":"2020-07-21T11:24:03","date_gmt":"2020-07-21T09:24:03","guid":{"rendered":"http:\/\/architectedeparcours.com\/?page_id=1248"},"modified":"2024-05-09T12:27:54","modified_gmt":"2024-05-09T10:27:54","slug":"reglement-general-sur-la-protection-des-donnees","status":"publish","type":"page","link":"https:\/\/www.architectedeparcours.com\/index.php\/reglement-general-sur-la-protection-des-donnees\/","title":{"rendered":"R\u00e8glement g\u00e9n\u00e9ral sur la protection des donn\u00e9es"},"content":{"rendered":"\t\t<div data-elementor-type=\"wp-page\" data-elementor-id=\"1248\" class=\"elementor elementor-1248\" data-elementor-post-type=\"page\">\n\t\t\t\t\t\t<section class=\"elementor-section elementor-top-section elementor-element elementor-element-e5e3dc2 elementor-section-stretched elementor-section-boxed elementor-section-height-default elementor-section-height-default\" data-id=\"e5e3dc2\" data-element_type=\"section\" data-e-type=\"section\" data-settings=\"{&quot;background_background&quot;:&quot;classic&quot;,&quot;stretch_section&quot;:&quot;section-stretched&quot;}\">\n\t\t\t\t\t\t<div class=\"elementor-container elementor-column-gap-default\">\n\t\t\t\t\t<div class=\"elementor-column elementor-col-100 elementor-top-column elementor-element elementor-element-72c780f\" data-id=\"72c780f\" data-element_type=\"column\" data-e-type=\"column\">\n\t\t\t<div class=\"elementor-widget-wrap elementor-element-populated\">\n\t\t\t\t\t\t<div class=\"elementor-element elementor-element-bd85a85 elementor-widget elementor-widget-menu-anchor\" data-id=\"bd85a85\" data-element_type=\"widget\" data-e-type=\"widget\" data-widget_type=\"menu-anchor.default\">\n\t\t\t\t<div class=\"elementor-widget-container\">\n\t\t\t\t\t\t\t<div class=\"elementor-menu-anchor\" id=\"formation01\"><\/div>\n\t\t\t\t\t\t<\/div>\n\t\t\t\t<\/div>\n\t\t\t\t<div class=\"elementor-element elementor-element-c1c8fa7 elementor-widget elementor-widget-heading\" data-id=\"c1c8fa7\" data-element_type=\"widget\" data-e-type=\"widget\" data-widget_type=\"heading.default\">\n\t\t\t\t<div class=\"elementor-widget-container\">\n\t\t\t\t\t<div class=\"elementor-heading-title elementor-size-default\">01<\/div>\t\t\t\t<\/div>\n\t\t\t\t<\/div>\n\t\t\t\t<div class=\"elementor-element elementor-element-f369d56 elementor-widget elementor-widget-heading\" data-id=\"f369d56\" data-element_type=\"widget\" data-e-type=\"widget\" data-widget_type=\"heading.default\">\n\t\t\t\t<div class=\"elementor-widget-container\">\n\t\t\t\t\t<h2 class=\"elementor-heading-title elementor-size-default\">Informations RGPD<\/h2>\t\t\t\t<\/div>\n\t\t\t\t<\/div>\n\t\t\t\t<section class=\"elementor-section elementor-inner-section elementor-element elementor-element-f12566f elementor-section-boxed elementor-section-height-default elementor-section-height-default\" data-id=\"f12566f\" data-element_type=\"section\" data-e-type=\"section\">\n\t\t\t\t\t\t<div class=\"elementor-container elementor-column-gap-no\">\n\t\t\t\t\t<div class=\"elementor-column elementor-col-100 elementor-inner-column elementor-element elementor-element-4d9ae12\" data-id=\"4d9ae12\" data-element_type=\"column\" data-e-type=\"column\">\n\t\t\t<div class=\"elementor-widget-wrap elementor-element-populated\">\n\t\t\t\t\t\t<div class=\"elementor-element elementor-element-e22dd99 elementor-widget elementor-widget-text-editor\" data-id=\"e22dd99\" data-element_type=\"widget\" data-e-type=\"widget\" data-widget_type=\"text-editor.default\">\n\t\t\t\t<div class=\"elementor-widget-container\">\n\t\t\t\t\t\t\t\t\t<p><span style=\"font-weight: 400;\">Architecte de Parcours, dont la domiciliation est au 10 avenue de Maupassant \u2013 13008 Marseille (<\/span><i><span style=\"font-weight: 400;\">\u00ab\u00a0nous\u00a0\u00bb<\/span><\/i><span style=\"font-weight: 400;\">) est responsable du traitement de vos donn\u00e9es personnelles. Le pr\u00e9sent document a pour objet de vous informer de la mani\u00e8re dont nous utilisons et prot\u00e9geons vos donn\u00e9es personnelles, ainsi que des raisons pour lesquelles nous traitons ces donn\u00e9es.<\/span><\/p><p><b>Quelles donn\u00e9es personnelles traitons-nous ?<\/b><\/p><p><span style=\"font-weight: 400;\">Nous collectons et utilisons uniquement les donn\u00e9es personnelles qui nous sont n\u00e9cessaires dans le cadre de notre activit\u00e9 pour vous proposer des services personnalis\u00e9s et de qualit\u00e9.<\/span><span style=\"font-weight: 400;\"><br \/><\/span><span style=\"font-weight: 400;\">Nous pouvons \u00eatre amen\u00e9s \u00e0 collecter diff\u00e9rentes cat\u00e9gories de donn\u00e9es personnelles aupr\u00e8s de vous, notamment :<\/span><\/p><ul><li style=\"font-weight: 400;\" aria-level=\"1\"><span style=\"font-weight: 400;\">informations d\u2019identification et de contact (nom, pr\u00e9nom, adresse postale et \u00e9lectronique, num\u00e9ro de t\u00e9l\u00e9phone, civilit\u00e9\u2026) ;<\/span><\/li><li style=\"font-weight: 400;\" aria-level=\"1\"><span style=\"font-weight: 400;\">informations relatives \u00e0 la formation et \u00e0 l\u2019emploi (CV, niveau d\u2019\u00e9tudes, emplois, noms de vos employeurs\u2026) ;<\/span><\/li><li style=\"font-weight: 400;\" aria-level=\"1\"><span style=\"font-weight: 400;\">donn\u00e9es li\u00e9es aux opportunit\u00e9s d\u2019emploi auxquelles vous avez r\u00e9pondu (mobilit\u00e9, disponibilit\u00e9, fonction recherch\u00e9e, secteur d\u2019activit\u00e9 recherch\u00e9, r\u00e9mun\u00e9ration, \u00e9valuation de personnalit\u00e9\u2026) ;<\/span><\/li><li style=\"font-weight: 400;\" aria-level=\"1\"><span style=\"font-weight: 400;\">donn\u00e9es relatives aux interactions avec nous : compte-rendu d\u2019entretien, rapports d\u2019\u00e9valuation, dans les courriers \u00e9lectroniques.<\/span><\/li><\/ul><p><span style=\"font-weight: 400;\">Nous ne traitons jamais de donn\u00e9es relatives \u00e0 vos origines raciales ou ethniques, vos opinions politiques, votre religion, vos convictions philosophiques ou l\u2019appartenance syndicale, au traitement des donn\u00e9es g\u00e9n\u00e9tiques, votre vie sexuelle ou orientation sexuelle.<\/span><\/p><p><b>Pourquoi et comment utilisons-nous vos donn\u00e9es personnelles ?<\/b><\/p><p><span style=\"font-weight: 400;\">Nous utilisons vos donn\u00e9es personnelles dans le but de conclure et d\u2019ex\u00e9cuter nos contrats avec vous ou pour vous fournir des informations pr\u00e9contractuelles.<\/span><\/p><p><span style=\"font-weight: 400;\">Ces informations nous permettent par exemple de :<\/span><\/p><ul><li style=\"font-weight: 400;\" aria-level=\"1\"><span style=\"font-weight: 400;\">vous proposer des projets professionnels en ad\u00e9quation avec vos motivations et comp\u00e9tences ;<\/span><\/li><li style=\"font-weight: 400;\" aria-level=\"1\"><span style=\"font-weight: 400;\">mieux vous conna\u00eetre ;<\/span><\/li><li style=\"font-weight: 400;\" aria-level=\"1\"><span style=\"font-weight: 400;\">vous proposer un service adapt\u00e9 \u00e0 vos enjeux.<\/span><\/li><\/ul><p><span style=\"font-weight: 400;\">Nous utilisons pour cela comme moyens :<\/span><\/p><ul><li style=\"font-weight: 400;\" aria-level=\"1\"><span style=\"font-weight: 400;\">appels t\u00e9l\u00e9phoniques ;<\/span><\/li><li style=\"font-weight: 400;\" aria-level=\"1\"><span style=\"font-weight: 400;\">suivis de missions et post-mission ;<\/span><\/li><li style=\"font-weight: 400;\" aria-level=\"1\"><span style=\"font-weight: 400;\">contrats et factures.<\/span><\/li><\/ul><p><b>\u00c0 qui vos donn\u00e9es personnelles pourront-elles \u00eatre divulgu\u00e9es ?<\/b><\/p><p><span style=\"font-weight: 400;\">Vos donn\u00e9es personnelles ne seront jamais divulgu\u00e9es par Architecte de Parcours mais par vous-m\u00eame (b\u00e9n\u00e9ficiaire du bilan de comp\u00e9tences) aux centres de formation ou aux entreprises.<\/span><\/p><p><b>Pendant combien de temps conservons-nous vos donn\u00e9es personnelles ?<\/b><\/p><p><span style=\"font-weight: 400;\">Sauf demande \u00e9crite du b\u00e9n\u00e9ficiaire du bilan de comp\u00e9tences, les documents \u00e9labor\u00e9s pour la r\u00e9alisation du bilan sont aussit\u00f4t d\u00e9truits \u00e0 l\u2019exception du document de synth\u00e8se qui doit \u00eatre conserv\u00e9 3 ans<\/span><span style=\"font-family: var( --e-global-typography-text-font-family ), Sans-serif; font-size: var(--bodyfontsize); letter-spacing: var(--bodyletterspacing); text-transform: var(--bodytexttransform);\">\u00a0(Article R.6313\u20137 du Code du Travail).<\/span><\/p><p><b>Quels sont vos droits et de quelle mani\u00e8re pouvez-vous les exercer ?<\/b><\/p><p><span style=\"font-weight: 400;\">Conform\u00e9ment \u00e0 la r\u00e9glementation applicable, vous disposez de diff\u00e9rents droits, \u00e0 savoir :<\/span><\/p><ul><li style=\"font-weight: 400;\" aria-level=\"1\"><span style=\"font-weight: 400;\">Droit d\u2019acc\u00e8s : vous pouvez obtenir des informations concernant le traitement de vos donn\u00e9es personnelles ainsi qu\u2019une copie de ces donn\u00e9es personnelles.<\/span><\/li><li style=\"font-weight: 400;\" aria-level=\"1\"><span style=\"font-weight: 400;\">Droit de rectification : si vous estimez que vos donn\u00e9es personnelles sont inexactes ou incompl\u00e8tes, vous pouvez exiger que ces donn\u00e9es personnelles soient modifi\u00e9es en cons\u00e9quence.<\/span><\/li><li style=\"font-weight: 400;\" aria-level=\"1\"><span style=\"font-weight: 400;\">Droit \u00e0 l\u2019effacement : vous pouvez exiger l\u2019effacement de vos donn\u00e9es personnelles dans la limite de ce qui est permis par la r\u00e9glementation.<\/span><\/li><li style=\"font-weight: 400;\" aria-level=\"1\"><span style=\"font-weight: 400;\">Droit \u00e0 la limitation du traitement : vous pouvez demander la limitation de traitement de vos donn\u00e9es personnelles.<\/span><\/li><li style=\"font-weight: 400;\" aria-level=\"1\"><span style=\"font-weight: 400;\">Droit d\u2019opposition : vous pouvez vous opposer au traitement de vos donn\u00e9es personnelles, pour des motifs li\u00e9s \u00e0 votre situation particuli\u00e8re. Vous disposez du droit absolu de vous opposer au traitement de vos donn\u00e9es personnelles \u00e0 des fins de prospection commerciale, y compris le profilage li\u00e9 \u00e0 cette prospection.<\/span><\/li><li style=\"font-weight: 400;\" aria-level=\"1\"><span style=\"font-weight: 400;\">Droit \u00e0 la portabilit\u00e9 de vos donn\u00e9es, quand ce droit est applicable, vous avez le droit que les donn\u00e9es personnelles que vous nous avez fournies vous soient rendues ou, lorsque cela est possible techniquement, de les transf\u00e9rer \u00e0 un tiers.<\/span><\/li><li style=\"font-weight: 400;\" aria-level=\"1\"><span style=\"font-weight: 400;\">Droit de d\u00e9finir des directives relatives \u00e0 la conservation, l\u2019effacement ou la communication de vos donn\u00e9es personnelles, applicables apr\u00e8s votre d\u00e9c\u00e8s.<\/span><\/li><li style=\"font-weight: 400;\" aria-level=\"1\"><span style=\"font-weight: 400;\">Droit de retirer votre consentement : si vous avez donn\u00e9 votre consentement au traitement de vos donn\u00e9es personnelles, vous avez le droit de retirer votre consentement \u00e0 tout moment.<\/span><\/li><\/ul><p><span style=\"font-weight: 400;\">Vous pouvez exercer les droits list\u00e9s ci-dessus, en contactant Marina FRUCTUS d\u2019Architecte de Parcours.<\/span><\/p><p><span style=\"font-weight: 400;\">Conform\u00e9ment \u00e0 la r\u00e9glementation applicable, vous \u00eates en droit d\u2019introduire une r\u00e9clamation aupr\u00e8s de l\u2019autorit\u00e9 de contr\u00f4le comp\u00e9tente telle que la CNIL (Commission Nationale de l\u2019Informatique et des Libert\u00e9s) en France.<\/span><\/p><p><b>Comment nous contacter ?<\/b><\/p><p><span style=\"font-weight: 400;\">Si vous avez des questions concernant l\u2019utilisation de vos donn\u00e9es personnelles vis\u00e9e par le pr\u00e9sent document, vous pouvez contacter Marina FRUCTUS d\u2019Architecte de Parcours au mail suivant : mafructus [at] gmail.com.<\/span><\/p><p><em><span style=\"font-weight: 400;\">Document cr\u00e9\u00e9 le 21 juin 2020 et mis \u00e0 jour le 5 janvier 2024.<\/span><\/em><\/p>\t\t\t\t\t\t\t\t<\/div>\n\t\t\t\t<\/div>\n\t\t\t\t\t<\/div>\n\t\t<\/div>\n\t\t\t\t\t<\/div>\n\t\t<\/section>\n\t\t\t\t\t<\/div>\n\t\t<\/div>\n\t\t\t\t\t<\/div>\n\t\t<\/section>\n\t\t\t\t<\/div>\n\t\t","protected":false},"excerpt":{"rendered":"<p>01 Informations RGPD Architecte de Parcours, dont la domiciliation est au 10 avenue de Maupassant \u2013 13008 Marseille (\u00ab\u00a0nous\u00a0\u00bb) est responsable du traitement de vos donn\u00e9es personnelles. Le pr\u00e9sent document a pour objet de vous informer de la mani\u00e8re dont nous utilisons et prot\u00e9geons vos donn\u00e9es personnelles, ainsi que des raisons pour lesquelles nous traitons&hellip;&nbsp;<a href=\"https:\/\/www.architectedeparcours.com\/index.php\/reglement-general-sur-la-protection-des-donnees\/\" class=\"\" rel=\"bookmark\">Lire la suite &raquo;<span class=\"screen-reader-text\">R\u00e8glement g\u00e9n\u00e9ral sur la protection des donn\u00e9es<\/span><\/a><\/p>\n","protected":false},"author":3,"featured_media":0,"parent":0,"menu_order":0,"comment_status":"closed","ping_status":"closed","template":"","meta":{"neve_meta_sidebar":"full-width","neve_meta_container":"","neve_meta_enable_content_width":"on","neve_meta_content_width":100,"neve_meta_title_alignment":"","neve_meta_author_avatar":"","neve_post_elements_order":"","neve_meta_disable_header":"","neve_meta_disable_footer":"","neve_meta_disable_title":"","_themeisle_gutenberg_block_has_review":false,"footnotes":""},"class_list":["post-1248","page","type-page","status-publish","hentry"],"wppr_data":{"cwp_meta_box_check":"No"},"_links":{"self":[{"href":"https:\/\/www.architectedeparcours.com\/index.php\/wp-json\/wp\/v2\/pages\/1248","targetHints":{"allow":["GET"]}}],"collection":[{"href":"https:\/\/www.architectedeparcours.com\/index.php\/wp-json\/wp\/v2\/pages"}],"about":[{"href":"https:\/\/www.architectedeparcours.com\/index.php\/wp-json\/wp\/v2\/types\/page"}],"author":[{"embeddable":true,"href":"https:\/\/www.architectedeparcours.com\/index.php\/wp-json\/wp\/v2\/users\/3"}],"replies":[{"embeddable":true,"href":"https:\/\/www.architectedeparcours.com\/index.php\/wp-json\/wp\/v2\/comments?post=1248"}],"version-history":[{"count":46,"href":"https:\/\/www.architectedeparcours.com\/index.php\/wp-json\/wp\/v2\/pages\/1248\/revisions"}],"predecessor-version":[{"id":3391,"href":"https:\/\/www.architectedeparcours.com\/index.php\/wp-json\/wp\/v2\/pages\/1248\/revisions\/3391"}],"wp:attachment":[{"href":"https:\/\/www.architectedeparcours.com\/index.php\/wp-json\/wp\/v2\/media?parent=1248"}],"curies":[{"name":"wp","href":"https:\/\/api.w.org\/{rel}","templated":true}]}}